{"id":4890,"date":"2022-04-05T13:54:29","date_gmt":"2022-04-05T13:54:29","guid":{"rendered":"https:\/\/patiotime.loftocean.com\/demo2\/?page_id=4890"},"modified":"2026-04-22T14:43:10","modified_gmt":"2026-04-22T14:43:10","slug":"lerestaurant","status":"publish","type":"page","link":"https:\/\/undejeuneramarrakech.com\/en\/lerestaurant\/","title":{"rendered":"The Restaurant"},"content":{"rendered":"<div data-elementor-type=\"wp-page\" data-elementor-id=\"4890\" class=\"elementor elementor-4890\">\n\t\t\t\t\t\t<section class=\"elementor-section elementor-top-section elementor-element elementor-element-45fed3cf pt-section-content-fullwidth elementor-section-boxed elementor-section-height-default elementor-section-height-default\" data-id=\"45fed3cf\" data-element_type=\"section\" data-e-type=\"section\" data-settings=\"{&quot;background_background&quot;:&quot;classic&quot;}\">\n\t\t\t\t\t\t\t<div class=\"elementor-background-overlay\"><\/div>\n\t\t\t\t\t\t\t<div class=\"elementor-container elementor-column-gap-no\">\n\t\t\t\t\t<div class=\"elementor-column elementor-col-100 elementor-top-column elementor-element elementor-element-534bfec1 dark-color\" data-id=\"534bfec1\" data-element_type=\"column\" data-e-type=\"column\">\n\t\t\t<div class=\"elementor-widget-wrap elementor-element-populated\">\n\t\t\t\t\t\t<div class=\"elementor-element elementor-element-2be3b49b elementor-widget elementor-widget-pt_title\" data-id=\"2be3b49b\" data-element_type=\"widget\" data-e-type=\"widget\" data-widget_type=\"pt_title.default\">\n\t\t\t\t<div class=\"elementor-widget-container\">\n\t\t\t\t\t\n        <div class=\"pt-title-wrap text-center\">\t            <h1 class=\"pt-title color-primary\">\n\t                THE RESTAURANT\t            <\/h1>        <\/div>\t\t\t\t<\/div>\n\t\t\t\t<\/div>\n\t\t\t\t\t<\/div>\n\t\t<\/div>\n\t\t\t\t\t<\/div>\n\t\t<\/section>\n\t\t\t\t<section class=\"elementor-section elementor-top-section elementor-element elementor-element-3d86ece elementor-section-boxed elementor-section-height-default elementor-section-height-default\" data-id=\"3d86ece\" data-element_type=\"section\" data-e-type=\"section\">\n\t\t\t\t\t\t<div class=\"elementor-container elementor-column-gap-no\">\n\t\t\t\t\t<div class=\"elementor-column elementor-col-100 elementor-top-column elementor-element elementor-element-6f15c61\" data-id=\"6f15c61\" data-element_type=\"column\" data-e-type=\"column\">\n\t\t\t<div class=\"elementor-widget-wrap\">\n\t\t\t\t\t\t\t<\/div>\n\t\t<\/div>\n\t\t\t\t\t<\/div>\n\t\t<\/section>\n\t\t\t\t<section class=\"elementor-section elementor-top-section elementor-element elementor-element-a0e56a2 elementor-section-boxed elementor-section-height-default elementor-section-height-default\" data-id=\"a0e56a2\" data-element_type=\"section\" data-e-type=\"section\">\n\t\t\t\t\t\t<div class=\"elementor-container elementor-column-gap-no\">\n\t\t\t\t\t<div class=\"elementor-column elementor-col-50 elementor-top-column elementor-element elementor-element-5ecd56e\" data-id=\"5ecd56e\" data-element_type=\"column\" data-e-type=\"column\" data-settings=\"{&quot;background_background&quot;:&quot;classic&quot;}\">\n\t\t\t<div class=\"elementor-widget-wrap elementor-element-populated\">\n\t\t\t\t\t\t<div class=\"elementor-element elementor-element-31ede16 elementor-widget__width-initial elementor-widget elementor-widget-pt_title\" data-id=\"31ede16\" data-element_type=\"widget\" data-e-type=\"widget\" data-widget_type=\"pt_title.default\">\n\t\t\t\t<div class=\"elementor-widget-container\">\n\t\t\t\t\t\n        <div class=\"pt-title-wrap text-left\">\t            <div class=\"pt-title-text color-primary\">\n\t                <p><strong><em>In the heart of the Marrakech Medina<\/em><\/strong><\/p><hr \/><p><br \/>Opened in 2009, just steps from Jemaa el Fna Square, DAMA restaurant unveils three spaces in 1950s style. The staircase winds through the open kitchen before leading to one of the most beautiful terraces in the Medina, offering a 360-degree view over the old city and the Atlas Mountains. A peaceful haven where guests come at any hour \u2014 for a coffee, a lunch under the pergola, or a candlelit dinner in the evening.<br \/><br \/><\/p>\t            <\/div>        <\/div>\t\t\t\t<\/div>\n\t\t\t\t<\/div>\n\t\t\t\t\t<\/div>\n\t\t<\/div>\n\t\t\t\t<div class=\"elementor-column elementor-col-50 elementor-top-column elementor-element elementor-element-6f612d2 pt-animation-medium-offset elementor-invisible\" data-id=\"6f612d2\" data-element_type=\"column\" data-e-type=\"column\" data-settings=\"{&quot;background_background&quot;:&quot;classic&quot;,&quot;animation&quot;:&quot;fadeInUp&quot;,&quot;animation_delay&quot;:200}\">\n\t\t\t<div class=\"elementor-widget-wrap elementor-element-populated\">\n\t\t\t\t\t\t<div class=\"elementor-element elementor-element-391e9ea elementor-widget elementor-widget-spacer\" data-id=\"391e9ea\" data-element_type=\"widget\" data-e-type=\"widget\" data-widget_type=\"spacer.default\">\n\t\t\t\t\t\t\t<div class=\"elementor-spacer\">\n\t\t\t<div class=\"elementor-spacer-inner\"><\/div>\n\t\t<\/div>\n\t\t\t\t\t\t<\/div>\n\t\t\t\t\t<\/div>\n\t\t<\/div>\n\t\t\t\t\t<\/div>\n\t\t<\/section>\n\t\t\t\t<section class=\"elementor-section elementor-top-section elementor-element elementor-element-1d37f4a elementor-section-boxed elementor-section-height-default elementor-section-height-default\" data-id=\"1d37f4a\" data-element_type=\"section\" data-e-type=\"section\">\n\t\t\t\t\t\t<div class=\"elementor-container elementor-column-gap-no\">\n\t\t\t\t\t<div class=\"elementor-column elementor-col-100 elementor-top-column elementor-element elementor-element-50857d4\" data-id=\"50857d4\" data-element_type=\"column\" data-e-type=\"column\">\n\t\t\t<div class=\"elementor-widget-wrap elementor-element-populated\">\n\t\t\t\t\t\t<div class=\"elementor-element elementor-element-e342935 pt-animation-medium-offset elementor-invisible elementor-widget elementor-widget-pt_gallery\" data-id=\"e342935\" data-element_type=\"widget\" data-e-type=\"widget\" data-settings=\"{&quot;_animation&quot;:&quot;fadeInUp&quot;,&quot;_animation_delay&quot;:200}\" data-widget_type=\"pt_gallery.default\">\n\t\t\t\t<div class=\"elementor-widget-container\">\n\t\t\t\t\t\n            <div class=\"pt-gallery gap-32 gallery-carousel slider-dots-overlap\" data-column=\"3\" data-fade=\"\" data-autoplay=\"off\" data-autoplay-speed=\"5000\" data-show-arrows=\"\" data-show-dots=\"on\">\n                <div class=\"pt-gallery-wrap\">                    <div class=\"pt-gallery-item\">                            <a href=\"https:\/\/undejeuneramarrakech.com\/wp-content\/uploads\/2026\/04\/\u2705-DSC00339-scaled.jpg\" data-elementor-open-lightbox=\"yes\" data-elementor-lightbox-slideshow=\"e342935\" data-e-action-hash=\"#elementor-action%3Aaction%3Dlightbox%26settings%3DeyJpZCI6ODg2MywidXJsIjoiaHR0cHM6XC9cL3VuZGVqZXVuZXJhbWFycmFrZWNoLmNvbVwvd3AtY29udGVudFwvdXBsb2Fkc1wvMjAyNlwvMDRcL1x1MjcwNS1EU0MwMDMzOS1zY2FsZWQuanBnIiwic2xpZGVzaG93IjoiZTM0MjkzNSJ9\"><img fetchpriority=\"high\" decoding=\"async\" width=\"370\" height=\"555\" src=\"https:\/\/undejeuneramarrakech.com\/wp-content\/uploads\/2026\/04\/\u2705-DSC00339-370x555.jpg\" class=\"attachment-patiotime_370x9999 size-patiotime_370x9999 wp-image-8863\" alt=\"\" srcset=\"https:\/\/undejeuneramarrakech.com\/wp-content\/uploads\/2026\/04\/\u2705-DSC00339-370x555.jpg 370w, https:\/\/undejeuneramarrakech.com\/wp-content\/uploads\/2026\/04\/\u2705-DSC00339-200x300.jpg 200w, https:\/\/undejeuneramarrakech.com\/wp-content\/uploads\/2026\/04\/\u2705-DSC00339-683x1024.jpg 683w, https:\/\/undejeuneramarrakech.com\/wp-content\/uploads\/2026\/04\/\u2705-DSC00339-768x1152.jpg 768w, https:\/\/undejeuneramarrakech.com\/wp-content\/uploads\/2026\/04\/\u2705-DSC00339-1024x1536.jpg 1024w, https:\/\/undejeuneramarrakech.com\/wp-content\/uploads\/2026\/04\/\u2705-DSC00339-1365x2048.jpg 1365w, https:\/\/undejeuneramarrakech.com\/wp-content\/uploads\/2026\/04\/\u2705-DSC00339-1920x2880.jpg 1920w, https:\/\/undejeuneramarrakech.com\/wp-content\/uploads\/2026\/04\/\u2705-DSC00339-1440x2160.jpg 1440w, https:\/\/undejeuneramarrakech.com\/wp-content\/uploads\/2026\/04\/\u2705-DSC00339-1200x1800.jpg 1200w, https:\/\/undejeuneramarrakech.com\/wp-content\/uploads\/2026\/04\/\u2705-DSC00339-780x1170.jpg 780w, https:\/\/undejeuneramarrakech.com\/wp-content\/uploads\/2026\/04\/\u2705-DSC00339-600x900.jpg 600w, https:\/\/undejeuneramarrakech.com\/wp-content\/uploads\/2026\/04\/\u2705-DSC00339-550x825.jpg 550w, https:\/\/undejeuneramarrakech.com\/wp-content\/uploads\/2026\/04\/\u2705-DSC00339-255x383.jpg 255w, https:\/\/undejeuneramarrakech.com\/wp-content\/uploads\/2026\/04\/\u2705-DSC00339-scaled.jpg 1707w\" sizes=\"(max-width: 370px) 100vw, 370px\" \/><\/a>                    <\/div>                    <div class=\"pt-gallery-item\">                            <a href=\"https:\/\/undejeuneramarrakech.com\/wp-content\/uploads\/2026\/04\/\u2705-DSC00968-scaled.jpg\" data-elementor-open-lightbox=\"yes\" data-elementor-lightbox-slideshow=\"e342935\" data-e-action-hash=\"#elementor-action%3Aaction%3Dlightbox%26settings%3DeyJpZCI6ODg2NSwidXJsIjoiaHR0cHM6XC9cL3VuZGVqZXVuZXJhbWFycmFrZWNoLmNvbVwvd3AtY29udGVudFwvdXBsb2Fkc1wvMjAyNlwvMDRcL1x1MjcwNS1EU0MwMDk2OC1zY2FsZWQuanBnIiwic2xpZGVzaG93IjoiZTM0MjkzNSJ9\"><img decoding=\"async\" width=\"370\" height=\"555\" data-src=\"https:\/\/undejeuneramarrakech.com\/wp-content\/uploads\/2026\/04\/\u2705-DSC00968-370x555.jpg\" class=\"attachment-patiotime_370x9999 size-patiotime_370x9999 wp-image-8865 lazyload\" alt=\"\" data-srcset=\"https:\/\/undejeuneramarrakech.com\/wp-content\/uploads\/2026\/04\/\u2705-DSC00968-370x555.jpg 370w, https:\/\/undejeuneramarrakech.com\/wp-content\/uploads\/2026\/04\/\u2705-DSC00968-200x300.jpg 200w, https:\/\/undejeuneramarrakech.com\/wp-content\/uploads\/2026\/04\/\u2705-DSC00968-683x1024.jpg 683w, https:\/\/undejeuneramarrakech.com\/wp-content\/uploads\/2026\/04\/\u2705-DSC00968-768x1152.jpg 768w, https:\/\/undejeuneramarrakech.com\/wp-content\/uploads\/2026\/04\/\u2705-DSC00968-1024x1536.jpg 1024w, https:\/\/undejeuneramarrakech.com\/wp-content\/uploads\/2026\/04\/\u2705-DSC00968-1365x2048.jpg 1365w, https:\/\/undejeuneramarrakech.com\/wp-content\/uploads\/2026\/04\/\u2705-DSC00968-1920x2880.jpg 1920w, https:\/\/undejeuneramarrakech.com\/wp-content\/uploads\/2026\/04\/\u2705-DSC00968-1440x2160.jpg 1440w, https:\/\/undejeuneramarrakech.com\/wp-content\/uploads\/2026\/04\/\u2705-DSC00968-1200x1800.jpg 1200w, https:\/\/undejeuneramarrakech.com\/wp-content\/uploads\/2026\/04\/\u2705-DSC00968-780x1170.jpg 780w, https:\/\/undejeuneramarrakech.com\/wp-content\/uploads\/2026\/04\/\u2705-DSC00968-600x900.jpg 600w, https:\/\/undejeuneramarrakech.com\/wp-content\/uploads\/2026\/04\/\u2705-DSC00968-550x825.jpg 550w, https:\/\/undejeuneramarrakech.com\/wp-content\/uploads\/2026\/04\/\u2705-DSC00968-255x383.jpg 255w, https:\/\/undejeuneramarrakech.com\/wp-content\/uploads\/2026\/04\/\u2705-DSC00968-scaled.jpg 1707w\" data-sizes=\"(max-width: 370px) 100vw, 370px\" src=\"data:image\/svg+xml;base64,PHN2ZyB3aWR0aD0iMSIgaGVpZ2h0PSIxIiB4bWxucz0iaHR0cDovL3d3dy53My5vcmcvMjAwMC9zdmciPjwvc3ZnPg==\" style=\"--smush-placeholder-width: 370px; --smush-placeholder-aspect-ratio: 370\/555;\" \/><\/a>                    <\/div>                    <div class=\"pt-gallery-item\">                            <a href=\"https:\/\/undejeuneramarrakech.com\/wp-content\/uploads\/2026\/04\/\u2705-DSC00182-scaled.jpg\" data-elementor-open-lightbox=\"yes\" data-elementor-lightbox-slideshow=\"e342935\" data-e-action-hash=\"#elementor-action%3Aaction%3Dlightbox%26settings%3DeyJpZCI6ODcxMCwidXJsIjoiaHR0cHM6XC9cL3VuZGVqZXVuZXJhbWFycmFrZWNoLmNvbVwvd3AtY29udGVudFwvdXBsb2Fkc1wvMjAyNlwvMDRcL1x1MjcwNS1EU0MwMDE4Mi1zY2FsZWQuanBnIiwic2xpZGVzaG93IjoiZTM0MjkzNSJ9\"><img decoding=\"async\" width=\"370\" height=\"555\" data-src=\"https:\/\/undejeuneramarrakech.com\/wp-content\/uploads\/2026\/04\/\u2705-DSC00182-370x555.jpg\" class=\"attachment-patiotime_370x9999 size-patiotime_370x9999 wp-image-8710 lazyload\" alt=\"\" data-srcset=\"https:\/\/undejeuneramarrakech.com\/wp-content\/uploads\/2026\/04\/\u2705-DSC00182-370x555.jpg 370w, https:\/\/undejeuneramarrakech.com\/wp-content\/uploads\/2026\/04\/\u2705-DSC00182-200x300.jpg 200w, https:\/\/undejeuneramarrakech.com\/wp-content\/uploads\/2026\/04\/\u2705-DSC00182-683x1024.jpg 683w, https:\/\/undejeuneramarrakech.com\/wp-content\/uploads\/2026\/04\/\u2705-DSC00182-768x1152.jpg 768w, https:\/\/undejeuneramarrakech.com\/wp-content\/uploads\/2026\/04\/\u2705-DSC00182-1024x1536.jpg 1024w, https:\/\/undejeuneramarrakech.com\/wp-content\/uploads\/2026\/04\/\u2705-DSC00182-1365x2048.jpg 1365w, https:\/\/undejeuneramarrakech.com\/wp-content\/uploads\/2026\/04\/\u2705-DSC00182-1920x2880.jpg 1920w, https:\/\/undejeuneramarrakech.com\/wp-content\/uploads\/2026\/04\/\u2705-DSC00182-1440x2160.jpg 1440w, https:\/\/undejeuneramarrakech.com\/wp-content\/uploads\/2026\/04\/\u2705-DSC00182-1200x1800.jpg 1200w, https:\/\/undejeuneramarrakech.com\/wp-content\/uploads\/2026\/04\/\u2705-DSC00182-780x1170.jpg 780w, https:\/\/undejeuneramarrakech.com\/wp-content\/uploads\/2026\/04\/\u2705-DSC00182-600x900.jpg 600w, https:\/\/undejeuneramarrakech.com\/wp-content\/uploads\/2026\/04\/\u2705-DSC00182-550x825.jpg 550w, https:\/\/undejeuneramarrakech.com\/wp-content\/uploads\/2026\/04\/\u2705-DSC00182-255x383.jpg 255w, https:\/\/undejeuneramarrakech.com\/wp-content\/uploads\/2026\/04\/\u2705-DSC00182-scaled.jpg 1707w\" data-sizes=\"(max-width: 370px) 100vw, 370px\" src=\"data:image\/svg+xml;base64,PHN2ZyB3aWR0aD0iMSIgaGVpZ2h0PSIxIiB4bWxucz0iaHR0cDovL3d3dy53My5vcmcvMjAwMC9zdmciPjwvc3ZnPg==\" style=\"--smush-placeholder-width: 370px; --smush-placeholder-aspect-ratio: 370\/555;\" \/><\/a>                    <\/div>                <\/div>\n            <\/div>\t\t\t\t<\/div>\n\t\t\t\t<\/div>\n\t\t\t\t\t<\/div>\n\t\t<\/div>\n\t\t\t\t\t<\/div>\n\t\t<\/section>\n\t\t\t\t<section class=\"elementor-section elementor-top-section elementor-element elementor-element-18c2310 elementor-section-boxed elementor-section-height-default elementor-section-height-default\" data-id=\"18c2310\" data-element_type=\"section\" data-e-type=\"section\">\n\t\t\t\t\t\t<div class=\"elementor-container elementor-column-gap-no\">\n\t\t\t\t\t<div class=\"elementor-column elementor-col-50 elementor-top-column elementor-element elementor-element-374325f pt-animation-medium-offset elementor-invisible\" data-id=\"374325f\" data-element_type=\"column\" data-e-type=\"column\" data-settings=\"{&quot;background_background&quot;:&quot;classic&quot;,&quot;animation&quot;:&quot;fadeInUp&quot;,&quot;animation_delay&quot;:200}\">\n\t\t\t<div class=\"elementor-widget-wrap elementor-element-populated\">\n\t\t\t\t\t\t<div class=\"elementor-element elementor-element-11da9e0 elementor-widget elementor-widget-spacer\" data-id=\"11da9e0\" data-element_type=\"widget\" data-e-type=\"widget\" data-widget_type=\"spacer.default\">\n\t\t\t\t\t\t\t<div class=\"elementor-spacer\">\n\t\t\t<div class=\"elementor-spacer-inner\"><\/div>\n\t\t<\/div>\n\t\t\t\t\t\t<\/div>\n\t\t\t\t\t<\/div>\n\t\t<\/div>\n\t\t\t\t<div class=\"elementor-column elementor-col-50 elementor-top-column elementor-element elementor-element-7a642d8\" data-id=\"7a642d8\" data-element_type=\"column\" data-e-type=\"column\" data-settings=\"{&quot;background_background&quot;:&quot;classic&quot;}\">\n\t\t\t<div class=\"elementor-widget-wrap elementor-element-populated\">\n\t\t\t\t\t\t<div class=\"elementor-element elementor-element-25f55e9 elementor-widget__width-initial elementor-widget elementor-widget-pt_title\" data-id=\"25f55e9\" data-element_type=\"widget\" data-e-type=\"widget\" data-widget_type=\"pt_title.default\">\n\t\t\t\t<div class=\"elementor-widget-container\">\n\t\t\t\t\t\n        <div class=\"pt-title-wrap text-left\">\t            <div class=\"pt-title-text color-primary\">\n\t                <p><em><strong>Flavors and Creativity <\/strong><\/em><\/p><hr \/><p><br \/>A pioneer since its creation, DAMA offers a creative and modern cuisine that blends Moroccan and Western flavors. Fresh local seasonal produce, a subtle balance of influences, and visual pleasure come together in our inspired and indulgent cuisine.<\/p><p>A must-visit for its signature cocktails, true homemade creations with surprising flavors.<br \/><br \/><\/p>\t            <\/div>                <div class=\"pt-title-btn\">\n                    <a class=\"button elementor-button-link pt-btn-outline\" role=\"button\" href=\"https:\/\/book.eat-now.io\/fr\/un-dejeuner-a-marrakech?source=RESERVE_WITH_GOOGLE&#038;rwg_token=AFd1xnFMnUNWIcY6OjNZzNDYaKBWwT-saEeF2WnIKVxUu5GEIZoxW7dcLgeSSAkARy2s_R9OQSZCcD4cAXde9nAkNfDEbBQwSw==\" target=\"_blank\">\n                        <span class=\"pt-btn-text\">Book Your Table<\/span>\n                    <\/a>\n                <\/div>\n                    <\/div>\t\t\t\t<\/div>\n\t\t\t\t<\/div>\n\t\t\t\t\t<\/div>\n\t\t<\/div>\n\t\t\t\t\t<\/div>\n\t\t<\/section>\n\t\t\t\t<\/div>","protected":false},"excerpt":{"rendered":"<p>LE RESTAURANT Au c\u0153ur de la m\u00e9dina de Marrakech Ouvert en 2009 \u00e0 quelques pas de la Place Jemaa el Fna, le restaurant DAMA d\u00e9voile trois espaces au style ann\u00e9es 50. L&rsquo;escalier traverse les cuisines \u00e0 vue avant de mener \u00e0 l&rsquo;une des plus belles terrasses de la M\u00e9dina, offrant une vue \u00e0 360 degr\u00e9s &#8230;<\/p>","protected":false},"author":1,"featured_media":0,"parent":0,"menu_order":0,"comment_status":"closed","ping_status":"closed","template":"template-wide-content.php","meta":{"om_disable_all_campaigns":false,"_monsterinsights_skip_tracking":false,"_monsterinsights_sitenote_active":false,"_monsterinsights_sitenote_note":"","_monsterinsights_sitenote_category":0,"patiotime_single_page_hide_site_header":"","patiotime_single_page_site_header_source":"","patiotime_single_page_custom_site_header":"0","patiotime_single_page_custom_sticky_site_header":"0","patiotime_single_page_custom_page_title_margin_top_source":"","patiotime_single_page_custom_page_title_desktop_margin_top":"","patiotime_single_page_custom_page_title_tablet_margin_top":"","patiotime_single_page_custom_page_title_mobile_margin_top":"","patiotime_single_page_hide_page_title":"on","patiotime_single_page_header_section_size":"","patiotime_single_page_header_background_color":"","patiotime_single_page_header_background_position_x":"center","patiotime_single_page_header_background_position_y":"center","patiotime_single_page_header_background_size":"cover","patiotime_single_page_header_background_repeat":"off","patiotime_single_page_header_background_scroll":"on","patiotime_single_page_header_text_color":"","patiotime_single_page_header_show_breadcrumb":"","patiotime_single_page_site_footer_hide_main":"","patiotime_single_custom_site_footer_main_source":"","patiotime_single_custom_site_footer_main":"0","patiotime_single_page_site_footer_hide_above":"","patiotime_single_custom_site_footer_above_source":"","patiotime_single_custom_site_footer_above":"0","patiotime_single_page_site_footer_hide_instagram":"","patiotime_single_page_site_footer_hide_bottom":"","patiotime_single_custom_mobile_menu_source":"","patiotime_single_custom_mobile_menu":"0","patiotime_single_custom_mobile_menu_animation":"","patiotime_single_custom_mobile_menu_width":"","patiotime_single_custom_mobile_menu_custom_width":375,"footnotes":""},"class_list":["post-4890","page","type-page","status-publish","hentry"],"aioseo_notices":[],"_links":{"self":[{"href":"https:\/\/undejeuneramarrakech.com\/en\/wp-json\/wp\/v2\/pages\/4890","targetHints":{"allow":["GET"]}}],"collection":[{"href":"https:\/\/undejeuneramarrakech.com\/en\/wp-json\/wp\/v2\/pages"}],"about":[{"href":"https:\/\/undejeuneramarrakech.com\/en\/wp-json\/wp\/v2\/types\/page"}],"author":[{"embeddable":true,"href":"https:\/\/undejeuneramarrakech.com\/en\/wp-json\/wp\/v2\/users\/1"}],"replies":[{"embeddable":true,"href":"https:\/\/undejeuneramarrakech.com\/en\/wp-json\/wp\/v2\/comments?post=4890"}],"version-history":[{"count":233,"href":"https:\/\/undejeuneramarrakech.com\/en\/wp-json\/wp\/v2\/pages\/4890\/revisions"}],"predecessor-version":[{"id":9173,"href":"https:\/\/undejeuneramarrakech.com\/en\/wp-json\/wp\/v2\/pages\/4890\/revisions\/9173"}],"wp:attachment":[{"href":"https:\/\/undejeuneramarrakech.com\/en\/wp-json\/wp\/v2\/media?parent=4890"}],"curies":[{"name":"wp","href":"https:\/\/api.w.org\/{rel}","templated":true}]}}